{"id":8,"date":"2021-04-28T05:19:50","date_gmt":"2021-04-28T03:19:50","guid":{"rendered":"http:\/\/tychy.sportrebel.pl\/?page_id=8"},"modified":"2025-11-20T12:28:50","modified_gmt":"2025-11-20T11:28:50","slug":"sportrebel-poznan","status":"publish","type":"page","link":"https:\/\/tychy.sportrebel.pl\/","title":{"rendered":"SportRebel Tychy"},"content":{"rendered":"\n<div class=\"wp-block-group\"><div class=\"wp-block-group__inner-container is-layout-flow wp-block-group-is-layout-flow\">\n<h3 class=\"wp-block-heading title-block uppercase\">SportRebel Tychy<\/h3>\n\n\n\n<div class=\"wp-block-columns orange-panel has-background is-layout-flex wp-container-core-columns-is-layout-9d6595d7 wp-block-columns-is-layout-flex\" style=\"background-color:#ee6119\">\n<div class=\"wp-block-column text-col is-layout-flow wp-block-column-is-layout-flow\" style=\"flex-basis:70%\">\n<h2 class=\"wp-block-heading\">Zapraszamy do specjalistycznego sklepu rolkowo\/\u0142y\u017cwowego SPORTREBEL TYCHY!<\/h2>\n\n\n\n<p>Sklep oferuje najwi\u0119kszy wyb\u00f3r \u0142y\u017cew rekreacyjnych, hokejowych i dla dzieci, takich marek jak&nbsp;<strong>TEMPISH, Bauer, Edea, Risport, Rollerblade.<\/strong><\/p>\n\n\n\n<div class=\"wp-block-buttons is-horizontal is-content-justification-center is-layout-flex wp-container-core-buttons-is-layout-499968f5 wp-block-buttons-is-layout-flex\">\n<div class=\"wp-block-button\"><a class=\"wp-block-button__link wp-element-button\" href=\"https:\/\/g.page\/sportrebeltychy?share\">Sprawd\u017a dojazd<\/a><\/div>\n<\/div>\n<\/div>\n\n\n\n<div class=\"wp-block-column is-layout-flow wp-block-column-is-layout-flow\" style=\"flex-basis:30%\">\n<figure class=\"wp-block-image size-full\"><img loading=\"lazy\" decoding=\"async\" width=\"830\" height=\"646\" src=\"https:\/\/tychy.sportrebel.pl\/wp-content\/uploads\/2025\/11\/6-Lyzwy-figurowe-TEMPISH-Amelia-1300001639_0x850.png\" alt=\"\" class=\"wp-image-346\" srcset=\"https:\/\/tychy.sportrebel.pl\/wp-content\/uploads\/2025\/11\/6-Lyzwy-figurowe-TEMPISH-Amelia-1300001639_0x850.png 830w, https:\/\/tychy.sportrebel.pl\/wp-content\/uploads\/2025\/11\/6-Lyzwy-figurowe-TEMPISH-Amelia-1300001639_0x850-300x233.png 300w, https:\/\/tychy.sportrebel.pl\/wp-content\/uploads\/2025\/11\/6-Lyzwy-figurowe-TEMPISH-Amelia-1300001639_0x850-768x598.png 768w\" sizes=\"auto, (max-width: 830px) 100vw, 830px\" \/><\/figure>\n<\/div>\n<\/div>\n\n\n\n<h1 class=\"wp-block-heading title-block title-slim\">Du\u017cy wyb\u00f3r rozmiar\u00f3w,<br>fachowa obs\u0142uga<br>i bezpieczne zakupy<\/h1>\n\n\n\n<div class=\"wp-block-columns trzy-obrazki is-layout-flex wp-container-core-columns-is-layout-9d6595d7 wp-block-columns-is-layout-flex\">\n<div class=\"wp-block-column trzy-obrazki-pierwszy is-layout-flow wp-block-column-is-layout-flow\">\n<figure class=\"wp-block-image size-large\"><img loading=\"lazy\" decoding=\"async\" width=\"1024\" height=\"683\" src=\"https:\/\/tychy.sportrebel.pl\/wp-content\/uploads\/2022\/10\/2-1024x683.jpg\" alt=\"\" class=\"wp-image-282\" srcset=\"https:\/\/tychy.sportrebel.pl\/wp-content\/uploads\/2022\/10\/2-1024x683.jpg 1024w, https:\/\/tychy.sportrebel.pl\/wp-content\/uploads\/2022\/10\/2-300x200.jpg 300w, https:\/\/tychy.sportrebel.pl\/wp-content\/uploads\/2022\/10\/2-768x512.jpg 768w, https:\/\/tychy.sportrebel.pl\/wp-content\/uploads\/2022\/10\/2-1536x1024.jpg 1536w, https:\/\/tychy.sportrebel.pl\/wp-content\/uploads\/2022\/10\/2-2048x1366.jpg 2048w\" sizes=\"auto, (max-width: 1024px) 100vw, 1024px\" \/><\/figure>\n<\/div>\n\n\n\n<div class=\"wp-block-column trzy-obrazki-drugi is-layout-flow wp-block-column-is-layout-flow\">\n<figure class=\"wp-block-image size-large\"><img loading=\"lazy\" decoding=\"async\" width=\"683\" height=\"1024\" src=\"https:\/\/tychy.sportrebel.pl\/wp-content\/uploads\/2022\/10\/11-683x1024.jpg\" alt=\"\" class=\"wp-image-285\" srcset=\"https:\/\/tychy.sportrebel.pl\/wp-content\/uploads\/2022\/10\/11-683x1024.jpg 683w, https:\/\/tychy.sportrebel.pl\/wp-content\/uploads\/2022\/10\/11-200x300.jpg 200w, https:\/\/tychy.sportrebel.pl\/wp-content\/uploads\/2022\/10\/11-768x1152.jpg 768w, https:\/\/tychy.sportrebel.pl\/wp-content\/uploads\/2022\/10\/11-1024x1536.jpg 1024w, https:\/\/tychy.sportrebel.pl\/wp-content\/uploads\/2022\/10\/11-1365x2048.jpg 1365w, https:\/\/tychy.sportrebel.pl\/wp-content\/uploads\/2022\/10\/11-scaled.jpg 1707w\" sizes=\"auto, (max-width: 683px) 100vw, 683px\" \/><\/figure>\n<\/div>\n\n\n\n<div class=\"wp-block-column trzy-obrazki-trzeci is-layout-flow wp-block-column-is-layout-flow\">\n<figure class=\"wp-block-image size-large\"><img loading=\"lazy\" decoding=\"async\" width=\"1024\" height=\"683\" src=\"https:\/\/tychy.sportrebel.pl\/wp-content\/uploads\/2022\/10\/5_HDR-4-1024x683.jpg\" alt=\"\" class=\"wp-image-283\" srcset=\"https:\/\/tychy.sportrebel.pl\/wp-content\/uploads\/2022\/10\/5_HDR-4-1024x683.jpg 1024w, https:\/\/tychy.sportrebel.pl\/wp-content\/uploads\/2022\/10\/5_HDR-4-300x200.jpg 300w, https:\/\/tychy.sportrebel.pl\/wp-content\/uploads\/2022\/10\/5_HDR-4-768x512.jpg 768w, https:\/\/tychy.sportrebel.pl\/wp-content\/uploads\/2022\/10\/5_HDR-4-1536x1024.jpg 1536w, https:\/\/tychy.sportrebel.pl\/wp-content\/uploads\/2022\/10\/5_HDR-4-2048x1365.jpg 2048w\" sizes=\"auto, (max-width: 1024px) 100vw, 1024px\" \/><\/figure>\n<\/div>\n<\/div>\n\n\n\n<h1 class=\"wp-block-heading title-block title-slim\">Je\u015bli masz pytania, <br>skontaktuj si\u0119 z nami!<\/h1>\n\n\n\n<div class=\"wp-block-columns shop-container has-background is-layout-flex wp-container-core-columns-is-layout-9d6595d7 wp-block-columns-is-layout-flex\" style=\"background-color:#f5f6f7\">\n<div class=\"wp-block-column is-layout-flow wp-block-column-is-layout-flow\">\n<h1 class=\"wp-block-heading has-text-align-center\">Zapraszamy<\/h1>\n\n\n\n<p class=\"has-text-align-center\"><a href=\"https:\/\/g.page\/sportrebeltychy?share\" data-type=\"URL\"><br>ul. D\u0105browskiego 95<br>43-100 Tychy<\/a><br>Telefon: <a href=\"tel:+48322190043\" data-type=\"tel\">+48 32 219 00 43<\/a><\/p>\n\n\n\n<h6 class=\"wp-block-heading has-text-align-center\"><strong>BEZP\u0141ATNY PARKING I WYGODNE ZAKUPY<\/strong><\/h6>\n\n\n\n<div class=\"wp-block-buttons is-horizontal is-content-justification-center is-layout-flex wp-container-core-buttons-is-layout-499968f5 wp-block-buttons-is-layout-flex\">\n<div class=\"wp-block-button\"><a class=\"wp-block-button__link wp-element-button\" href=\"https:\/\/g.page\/sportrebeltychy?share\">Sprawd\u017a dojazd<\/a><\/div>\n<\/div>\n<\/div>\n\n\n\n<div class=\"wp-block-column is-layout-flow wp-block-column-is-layout-flow\">\n<figure class=\"wp-block-image size-large\"><img loading=\"lazy\" decoding=\"async\" width=\"1024\" height=\"549\" src=\"http:\/\/tychy.sportrebel.pl\/wp-content\/uploads\/2021\/10\/SR_Tychy_wejscie-1024x549.jpg\" alt=\"\" class=\"wp-image-238\" srcset=\"https:\/\/tychy.sportrebel.pl\/wp-content\/uploads\/2021\/10\/SR_Tychy_wejscie-1024x549.jpg 1024w, https:\/\/tychy.sportrebel.pl\/wp-content\/uploads\/2021\/10\/SR_Tychy_wejscie-300x161.jpg 300w, https:\/\/tychy.sportrebel.pl\/wp-content\/uploads\/2021\/10\/SR_Tychy_wejscie-768x412.jpg 768w, https:\/\/tychy.sportrebel.pl\/wp-content\/uploads\/2021\/10\/SR_Tychy_wejscie-1536x824.jpg 1536w, https:\/\/tychy.sportrebel.pl\/wp-content\/uploads\/2021\/10\/SR_Tychy_wejscie-2048x1098.jpg 2048w\" sizes=\"auto, (max-width: 1024px) 100vw, 1024px\" \/><\/figure>\n<\/div>\n<\/div>\n\n\n\n<div class=\"wp-block-columns orange-panel has-background is-layout-flex wp-container-core-columns-is-layout-9d6595d7 wp-block-columns-is-layout-flex\" style=\"background-color:#ee6119\">\n<div class=\"wp-block-column text-col is-layout-flow wp-block-column-is-layout-flow\" style=\"flex-basis:70%\">\n<h2 class=\"wp-block-heading\">Prowadzimy tak\u017ce wykwalifikowany serwis \u0142y\u017cew, gdzie wykonujemy znakomite ostrzenie na markowych maszynach BLADEMASTER.<\/h2>\n\n\n\n<p>Nasz serwis prowadza wykwalifikowani pracownicy, posiadaj\u0105cy wieloletnie do\u015bwiadczenie w ostrzeniu i naprawie \u0142y\u017cew.<\/p>\n\n\n\n<div class=\"wp-block-buttons is-horizontal is-content-justification-center is-layout-flex wp-container-core-buttons-is-layout-499968f5 wp-block-buttons-is-layout-flex\">\n<div class=\"wp-block-button\"><a class=\"wp-block-button__link wp-element-button\" href=\"https:\/\/g.page\/sportrebeltychy?share\">Sprawd\u017a dojazd<\/a><\/div>\n<\/div>\n<\/div>\n\n\n\n<div class=\"wp-block-column is-layout-flow wp-block-column-is-layout-flow\" style=\"flex-basis:30%\">\n<figure class=\"wp-block-image size-full\"><img loading=\"lazy\" decoding=\"async\" width=\"4240\" height=\"3628\" src=\"https:\/\/tychy.sportrebel.pl\/wp-content\/uploads\/2021\/10\/REBECA_10.png\" alt=\"lyzwy\" class=\"wp-image-252\" srcset=\"https:\/\/tychy.sportrebel.pl\/wp-content\/uploads\/2021\/10\/REBECA_10.png 4240w, https:\/\/tychy.sportrebel.pl\/wp-content\/uploads\/2021\/10\/REBECA_10-300x257.png 300w, https:\/\/tychy.sportrebel.pl\/wp-content\/uploads\/2021\/10\/REBECA_10-1024x876.png 1024w, https:\/\/tychy.sportrebel.pl\/wp-content\/uploads\/2021\/10\/REBECA_10-768x657.png 768w, https:\/\/tychy.sportrebel.pl\/wp-content\/uploads\/2021\/10\/REBECA_10-1536x1314.png 1536w, https:\/\/tychy.sportrebel.pl\/wp-content\/uploads\/2021\/10\/REBECA_10-2048x1752.png 2048w\" sizes=\"auto, (max-width: 4240px) 100vw, 4240px\" \/><\/figure>\n<\/div>\n<\/div>\n\n\n\n<h1 class=\"wp-block-heading title-block title-slim\">Je\u015bli masz pytania, <br>skontaktuj si\u0119 z nami!<\/h1>\n\n\n\n<div class=\"wp-block-columns trzy-obrazki is-layout-flex wp-container-core-columns-is-layout-9d6595d7 wp-block-columns-is-layout-flex\">\n<div class=\"wp-block-column trzy-obrazki-pierwszy is-layout-flow wp-block-column-is-layout-flow\">\n<figure class=\"wp-block-image size-full\"><img loading=\"lazy\" decoding=\"async\" width=\"2560\" height=\"2560\" src=\"https:\/\/tychy.sportrebel.pl\/wp-content\/uploads\/2021\/10\/2TAK-scaled.jpg\" alt=\"\" class=\"wp-image-245\" srcset=\"https:\/\/tychy.sportrebel.pl\/wp-content\/uploads\/2021\/10\/2TAK-scaled.jpg 2560w, https:\/\/tychy.sportrebel.pl\/wp-content\/uploads\/2021\/10\/2TAK-300x300.jpg 300w, https:\/\/tychy.sportrebel.pl\/wp-content\/uploads\/2021\/10\/2TAK-1024x1024.jpg 1024w, https:\/\/tychy.sportrebel.pl\/wp-content\/uploads\/2021\/10\/2TAK-150x150.jpg 150w, https:\/\/tychy.sportrebel.pl\/wp-content\/uploads\/2021\/10\/2TAK-768x768.jpg 768w, https:\/\/tychy.sportrebel.pl\/wp-content\/uploads\/2021\/10\/2TAK-1536x1536.jpg 1536w, https:\/\/tychy.sportrebel.pl\/wp-content\/uploads\/2021\/10\/2TAK-2048x2048.jpg 2048w\" sizes=\"auto, (max-width: 2560px) 100vw, 2560px\" \/><\/figure>\n<\/div>\n\n\n\n<div class=\"wp-block-column trzy-obrazki-drugi is-layout-flow wp-block-column-is-layout-flow\">\n<figure class=\"wp-block-image size-full\"><img loading=\"lazy\" decoding=\"async\" width=\"1707\" height=\"2560\" src=\"https:\/\/tychy.sportrebel.pl\/wp-content\/uploads\/2021\/10\/1TAK-scaled.jpg\" alt=\"LyzwySerwis1\" class=\"wp-image-244\" srcset=\"https:\/\/tychy.sportrebel.pl\/wp-content\/uploads\/2021\/10\/1TAK-scaled.jpg 1707w, https:\/\/tychy.sportrebel.pl\/wp-content\/uploads\/2021\/10\/1TAK-200x300.jpg 200w, https:\/\/tychy.sportrebel.pl\/wp-content\/uploads\/2021\/10\/1TAK-683x1024.jpg 683w, https:\/\/tychy.sportrebel.pl\/wp-content\/uploads\/2021\/10\/1TAK-768x1152.jpg 768w, https:\/\/tychy.sportrebel.pl\/wp-content\/uploads\/2021\/10\/1TAK-1024x1536.jpg 1024w, https:\/\/tychy.sportrebel.pl\/wp-content\/uploads\/2021\/10\/1TAK-1365x2048.jpg 1365w\" sizes=\"auto, (max-width: 1707px) 100vw, 1707px\" \/><\/figure>\n<\/div>\n\n\n\n<div class=\"wp-block-column trzy-obrazki-trzeci is-layout-flow wp-block-column-is-layout-flow\">\n<figure class=\"wp-block-image size-full\"><img loading=\"lazy\" decoding=\"async\" width=\"1707\" height=\"2560\" src=\"https:\/\/tychy.sportrebel.pl\/wp-content\/uploads\/2021\/10\/3TAK-scaled.jpg\" alt=\"LyzwySerwis3\" class=\"wp-image-246\" srcset=\"https:\/\/tychy.sportrebel.pl\/wp-content\/uploads\/2021\/10\/3TAK-scaled.jpg 1707w, https:\/\/tychy.sportrebel.pl\/wp-content\/uploads\/2021\/10\/3TAK-200x300.jpg 200w, https:\/\/tychy.sportrebel.pl\/wp-content\/uploads\/2021\/10\/3TAK-683x1024.jpg 683w, https:\/\/tychy.sportrebel.pl\/wp-content\/uploads\/2021\/10\/3TAK-768x1152.jpg 768w, https:\/\/tychy.sportrebel.pl\/wp-content\/uploads\/2021\/10\/3TAK-1024x1536.jpg 1024w, https:\/\/tychy.sportrebel.pl\/wp-content\/uploads\/2021\/10\/3TAK-1365x2048.jpg 1365w\" sizes=\"auto, (max-width: 1707px) 100vw, 1707px\" \/><\/figure>\n<\/div>\n<\/div>\n\n\n\n<h1 class=\"wp-block-heading title-block title-slim\">Odwied\u017a sklep<br>online SPORTREBEL.pl<br>i odbierz zakupy osobi\u015bcie!<\/h1>\n\n\n\n<div class=\"wp-block-columns shop-container shop-reverse has-background is-layout-flex wp-container-core-columns-is-layout-9d6595d7 wp-block-columns-is-layout-flex\" style=\"background-color:#f5f6f7\">\n<div class=\"wp-block-column is-layout-flow wp-block-column-is-layout-flow\">\n<h1 class=\"wp-block-heading has-text-align-center\">Zapraszamy<\/h1>\n\n\n\n<p class=\"has-text-align-center\"><strong>Godziny otwarcia sklepu<\/strong><br>Pon.-Pt.: 10:00 &#8211; 18:00<br>Sobota: 9:00 &#8211; 13:00<\/p>\n\n\n\n<div class=\"wp-block-buttons is-horizontal is-content-justification-center is-layout-flex wp-container-core-buttons-is-layout-499968f5 wp-block-buttons-is-layout-flex\">\n<div class=\"wp-block-button\"><a class=\"wp-block-button__link wp-element-button\" href=\"https:\/\/g.page\/sportrebeltychy?share\">Sprawd\u017a dojazd<\/a><\/div>\n<\/div>\n<\/div>\n\n\n\n<div class=\"wp-block-column is-layout-flow wp-block-column-is-layout-flow\">\n<figure class=\"wp-block-image size-large\"><img loading=\"lazy\" decoding=\"async\" width=\"1024\" height=\"549\" src=\"http:\/\/tychy.sportrebel.pl\/wp-content\/uploads\/2021\/10\/SR_Tychy_wejscie-1-1024x549.jpg\" alt=\"\" class=\"wp-image-239\" srcset=\"https:\/\/tychy.sportrebel.pl\/wp-content\/uploads\/2021\/10\/SR_Tychy_wejscie-1-1024x549.jpg 1024w, https:\/\/tychy.sportrebel.pl\/wp-content\/uploads\/2021\/10\/SR_Tychy_wejscie-1-300x161.jpg 300w, https:\/\/tychy.sportrebel.pl\/wp-content\/uploads\/2021\/10\/SR_Tychy_wejscie-1-768x412.jpg 768w, https:\/\/tychy.sportrebel.pl\/wp-content\/uploads\/2021\/10\/SR_Tychy_wejscie-1-1536x824.jpg 1536w, https:\/\/tychy.sportrebel.pl\/wp-content\/uploads\/2021\/10\/SR_Tychy_wejscie-1-2048x1098.jpg 2048w\" sizes=\"auto, (max-width: 1024px) 100vw, 1024px\" \/><\/figure>\n<\/div>\n<\/div>\n\n\n\n<div style=\"height:36px\" aria-hidden=\"true\" class=\"wp-block-spacer\"><\/div>\n\n\n\n<div class=\"wp-block-columns trzy-obrazki is-layout-flex wp-container-core-columns-is-layout-9d6595d7 wp-block-columns-is-layout-flex\">\n<div class=\"wp-block-column trzy-obrazki-pierwszy is-layout-flow wp-block-column-is-layout-flow\">\n<figure class=\"wp-block-image size-full\"><img loading=\"lazy\" decoding=\"async\" width=\"1707\" height=\"2560\" src=\"https:\/\/tychy.sportrebel.pl\/wp-content\/uploads\/2023\/10\/Tempish_zima_301122132458-2-GOT-scaled.jpg\" alt=\"\" class=\"wp-image-330\" srcset=\"https:\/\/tychy.sportrebel.pl\/wp-content\/uploads\/2023\/10\/Tempish_zima_301122132458-2-GOT-scaled.jpg 1707w, https:\/\/tychy.sportrebel.pl\/wp-content\/uploads\/2023\/10\/Tempish_zima_301122132458-2-GOT-200x300.jpg 200w, https:\/\/tychy.sportrebel.pl\/wp-content\/uploads\/2023\/10\/Tempish_zima_301122132458-2-GOT-683x1024.jpg 683w, https:\/\/tychy.sportrebel.pl\/wp-content\/uploads\/2023\/10\/Tempish_zima_301122132458-2-GOT-768x1152.jpg 768w, https:\/\/tychy.sportrebel.pl\/wp-content\/uploads\/2023\/10\/Tempish_zima_301122132458-2-GOT-1024x1536.jpg 1024w, https:\/\/tychy.sportrebel.pl\/wp-content\/uploads\/2023\/10\/Tempish_zima_301122132458-2-GOT-1365x2048.jpg 1365w\" sizes=\"auto, (max-width: 1707px) 100vw, 1707px\" \/><\/figure>\n<\/div>\n\n\n\n<div class=\"wp-block-column trzy-obrazki-drugi is-layout-flow wp-block-column-is-layout-flow\">\n<figure class=\"wp-block-image size-full\"><img loading=\"lazy\" decoding=\"async\" width=\"1500\" height=\"1501\" src=\"https:\/\/tychy.sportrebel.pl\/wp-content\/uploads\/2023\/10\/sesjazdjecie2.jpg\" alt=\"\" class=\"wp-image-329\" srcset=\"https:\/\/tychy.sportrebel.pl\/wp-content\/uploads\/2023\/10\/sesjazdjecie2.jpg 1500w, https:\/\/tychy.sportrebel.pl\/wp-content\/uploads\/2023\/10\/sesjazdjecie2-300x300.jpg 300w, https:\/\/tychy.sportrebel.pl\/wp-content\/uploads\/2023\/10\/sesjazdjecie2-1024x1024.jpg 1024w, https:\/\/tychy.sportrebel.pl\/wp-content\/uploads\/2023\/10\/sesjazdjecie2-150x150.jpg 150w, https:\/\/tychy.sportrebel.pl\/wp-content\/uploads\/2023\/10\/sesjazdjecie2-768x769.jpg 768w\" sizes=\"auto, (max-width: 1500px) 100vw, 1500px\" \/><\/figure>\n<\/div>\n\n\n\n<div class=\"wp-block-column trzy-obrazki-trzeci is-layout-flow wp-block-column-is-layout-flow\">\n<figure class=\"wp-block-image size-full\"><img loading=\"lazy\" decoding=\"async\" width=\"1090\" height=\"1090\" src=\"https:\/\/tychy.sportrebel.pl\/wp-content\/uploads\/2023\/10\/CN2_6056-683x1024-V2.jpg\" alt=\"\" class=\"wp-image-331\" srcset=\"https:\/\/tychy.sportrebel.pl\/wp-content\/uploads\/2023\/10\/CN2_6056-683x1024-V2.jpg 1090w, https:\/\/tychy.sportrebel.pl\/wp-content\/uploads\/2023\/10\/CN2_6056-683x1024-V2-300x300.jpg 300w, https:\/\/tychy.sportrebel.pl\/wp-content\/uploads\/2023\/10\/CN2_6056-683x1024-V2-1024x1024.jpg 1024w, https:\/\/tychy.sportrebel.pl\/wp-content\/uploads\/2023\/10\/CN2_6056-683x1024-V2-150x150.jpg 150w, https:\/\/tychy.sportrebel.pl\/wp-content\/uploads\/2023\/10\/CN2_6056-683x1024-V2-768x768.jpg 768w\" sizes=\"auto, (max-width: 1090px) 100vw, 1090px\" \/><\/figure>\n<\/div>\n<\/div>\n\n\n\n<h1 class=\"wp-block-heading title-block title-slim\">Nie czekaj<br>i sprawd\u017a!<\/h1>\n\n\n\n<p class=\"has-text-align-center\">Mo\u017cesz te\u017c zam\u00f3wi\u0107 swoje \u0142y\u017cwy online<br>i odebra\u0107 towar osobi\u015bcie w naszym sklepie w Tychach<\/p>\n\n\n\n<div class=\"wp-block-buttons is-horizontal is-content-justification-center is-layout-flex wp-container-core-buttons-is-layout-499968f5 wp-block-buttons-is-layout-flex\">\n<div class=\"wp-block-button btnout\"><a class=\"wp-block-button__link wp-element-button\" href=\"tel:+48322190043\" style=\"border-radius:10px\"><span class=\"dashicons dashicons-phone\"><\/span> 32 219 00 43<\/a><\/div>\n<\/div>\n\n\n\n<div class=\"wp-block-buttons is-horizontal is-content-justification-center is-layout-flex wp-container-core-buttons-is-layout-499968f5 wp-block-buttons-is-layout-flex\">\n<div class=\"wp-block-button btnout\"><a class=\"wp-block-button__link wp-element-button\" href=\"http:\/\/www.sportrebel.pl\" style=\"border-radius:10px\"><span class=\"dashicons dashicons-admin-site-alt3\"><\/span> www.sportrebel.pl<\/a><\/div>\n<\/div>\n\n\n\n<div class=\"wp-block-columns trzy-obrazki is-layout-flex wp-container-core-columns-is-layout-9d6595d7 wp-block-columns-is-layout-flex\">\n<div class=\"wp-block-column trzy-obrazki-pierwszy is-layout-flow wp-block-column-is-layout-flow\">\n<figure class=\"wp-block-image size-large\"><img loading=\"lazy\" decoding=\"async\" width=\"683\" height=\"1024\" src=\"https:\/\/tychy.sportrebel.pl\/wp-content\/uploads\/2022\/10\/IMG_2638-683x1024.jpg\" alt=\"\" class=\"wp-image-292\" srcset=\"https:\/\/tychy.sportrebel.pl\/wp-content\/uploads\/2022\/10\/IMG_2638-683x1024.jpg 683w, https:\/\/tychy.sportrebel.pl\/wp-content\/uploads\/2022\/10\/IMG_2638-200x300.jpg 200w, https:\/\/tychy.sportrebel.pl\/wp-content\/uploads\/2022\/10\/IMG_2638-768x1152.jpg 768w, https:\/\/tychy.sportrebel.pl\/wp-content\/uploads\/2022\/10\/IMG_2638-1024x1536.jpg 1024w, https:\/\/tychy.sportrebel.pl\/wp-content\/uploads\/2022\/10\/IMG_2638-1365x2048.jpg 1365w, https:\/\/tychy.sportrebel.pl\/wp-content\/uploads\/2022\/10\/IMG_2638.jpg 1500w\" sizes=\"auto, (max-width: 683px) 100vw, 683px\" \/><\/figure>\n<\/div>\n\n\n\n<div class=\"wp-block-column trzy-obrazki-drugi is-layout-flow wp-block-column-is-layout-flow\">\n<figure class=\"wp-block-image size-large\"><img loading=\"lazy\" decoding=\"async\" width=\"1024\" height=\"683\" src=\"https:\/\/tychy.sportrebel.pl\/wp-content\/uploads\/2022\/10\/CN1_3528-1024x683.jpg\" alt=\"\" class=\"wp-image-288\" srcset=\"https:\/\/tychy.sportrebel.pl\/wp-content\/uploads\/2022\/10\/CN1_3528-1024x683.jpg 1024w, https:\/\/tychy.sportrebel.pl\/wp-content\/uploads\/2022\/10\/CN1_3528-300x200.jpg 300w, https:\/\/tychy.sportrebel.pl\/wp-content\/uploads\/2022\/10\/CN1_3528-768x512.jpg 768w, https:\/\/tychy.sportrebel.pl\/wp-content\/uploads\/2022\/10\/CN1_3528.jpg 1500w\" sizes=\"auto, (max-width: 1024px) 100vw, 1024px\" \/><\/figure>\n<\/div>\n\n\n\n<div class=\"wp-block-column trzy-obrazki-trzeci is-layout-flow wp-block-column-is-layout-flow\">\n<figure class=\"wp-block-image size-large\"><img loading=\"lazy\" decoding=\"async\" width=\"1024\" height=\"748\" src=\"https:\/\/tychy.sportrebel.pl\/wp-content\/uploads\/2023\/10\/SesjaTempish-1024x748.webp\" alt=\"\" class=\"wp-image-328\" srcset=\"https:\/\/tychy.sportrebel.pl\/wp-content\/uploads\/2023\/10\/SesjaTempish-1024x748.webp 1024w, https:\/\/tychy.sportrebel.pl\/wp-content\/uploads\/2023\/10\/SesjaTempish-300x219.webp 300w, https:\/\/tychy.sportrebel.pl\/wp-content\/uploads\/2023\/10\/SesjaTempish-768x561.webp 768w, https:\/\/tychy.sportrebel.pl\/wp-content\/uploads\/2023\/10\/SesjaTempish-1536x1122.webp 1536w, https:\/\/tychy.sportrebel.pl\/wp-content\/uploads\/2023\/10\/SesjaTempish.webp 1987w\" sizes=\"auto, (max-width: 1024px) 100vw, 1024px\" \/><\/figure>\n<\/div>\n<\/div>\n<\/div><\/div>\n","protected":false},"excerpt":{"rendered":"<p>SportRebel Tychy Zapraszamy do specjalistycznego sklepu rolkowo\/\u0142y\u017cwowego SPORTREBEL TYCHY! Sklep oferuje najwi\u0119kszy wyb\u00f3r \u0142y\u017cew rekreacyjnych, hokejowych i dla dzieci, takich marek jak&nbsp;TEMPISH, Bauer, Edea, Risport, Rollerblade. Du\u017cy wyb\u00f3r rozmiar\u00f3w,fachowa obs\u0142ugai bezpieczne zakupy Je\u015bli masz pytania, skontaktuj si\u0119 z nami! Zapraszamy ul. D\u0105browskiego 9543-100 TychyTelefon: +48 32 219 00 43 BEZP\u0141ATNY PARKING I WYGODNE ZAKUPY Prowadzimy &#8230; <a title=\"SportRebel Tychy\" class=\"read-more\" href=\"https:\/\/tychy.sportrebel.pl\/\" aria-label=\"More on SportRebel Tychy\">Czytaj dalej<\/a><\/p>\n","protected":false},"author":5,"featured_media":0,"parent":0,"menu_order":0,"comment_status":"closed","ping_status":"closed","template":"","meta":{"inline_featured_image":false,"footnotes":""},"class_list":["post-8","page","type-page","status-publish"],"_links":{"self":[{"href":"https:\/\/tychy.sportrebel.pl\/index.php\/wp-json\/wp\/v2\/pages\/8","targetHints":{"allow":["GET"]}}],"collection":[{"href":"https:\/\/tychy.sportrebel.pl\/index.php\/wp-json\/wp\/v2\/pages"}],"about":[{"href":"https:\/\/tychy.sportrebel.pl\/index.php\/wp-json\/wp\/v2\/types\/page"}],"author":[{"embeddable":true,"href":"https:\/\/tychy.sportrebel.pl\/index.php\/wp-json\/wp\/v2\/users\/5"}],"replies":[{"embeddable":true,"href":"https:\/\/tychy.sportrebel.pl\/index.php\/wp-json\/wp\/v2\/comments?post=8"}],"version-history":[{"count":72,"href":"https:\/\/tychy.sportrebel.pl\/index.php\/wp-json\/wp\/v2\/pages\/8\/revisions"}],"predecessor-version":[{"id":347,"href":"https:\/\/tychy.sportrebel.pl\/index.php\/wp-json\/wp\/v2\/pages\/8\/revisions\/347"}],"wp:attachment":[{"href":"https:\/\/tychy.sportrebel.pl\/index.php\/wp-json\/wp\/v2\/media?parent=8"}],"curies":[{"name":"wp","href":"https:\/\/api.w.org\/{rel}","templated":true}]}}